{"id":31,"date":"2023-10-17T21:50:56","date_gmt":"2023-10-17T19:50:56","guid":{"rendered":"http:\/\/motoneige-corbier.com\/?page_id=31"},"modified":"2025-11-21T17:11:22","modified_gmt":"2025-11-21T16:11:22","slug":"tarifs-et-reservations","status":"publish","type":"page","link":"http:\/\/motoneige-corbier.com\/tarifs-et-reservations\/","title":{"rendered":"Tarifs et r\u00e9servations"},"content":{"rendered":"\t\t<div data-elementor-type=\"wp-page\" data-elementor-id=\"31\" class=\"elementor elementor-31\" data-elementor-post-type=\"page\">\n\t\t\t\t<div class=\"elementor-element elementor-element-a63ba04 e-flex e-con-boxed e-con e-parent\" data-id=\"a63ba04\" data-element_type=\"container\">\n\t\t\t\t\t<div class=\"e-con-inner\">\n\t\t\t\t<div class=\"elementor-element elementor-element-8968210 elementor-widget elementor-widget-heading\" data-id=\"8968210\" data-element_type=\"widget\" data-widget_type=\"heading.default\">\n\t\t\t\t\t<h2 class=\"elementor-heading-title elementor-size-default\">Tarifs et r\u00e9servations<\/h2>\t\t\t\t<\/div>\n\t\t\t\t<div class=\"elementor-element elementor-element-1c509b1 elementor-widget-divider--view-line elementor-widget elementor-widget-divider\" data-id=\"1c509b1\" data-element_type=\"widget\" data-widget_type=\"divider.default\">\n\t\t\t\t\t\t\t<div class=\"elementor-divider\">\n\t\t\t<span class=\"elementor-divider-separator\">\n\t\t\t\t\t\t<\/span>\n\t\t<\/div>\n\t\t\t\t\t\t<\/div>\n\t\t\t\t<div class=\"elementor-element elementor-element-1af4be5 elementor-widget elementor-widget-text-editor\" data-id=\"1af4be5\" data-element_type=\"widget\" data-widget_type=\"text-editor.default\">\n\t\t\t\t\t\t\t\t\t<p>Tous les jours d\u00e8s 17h30<\/p>\t\t\t\t\t\t\t\t<\/div>\n\t\t\t\t<div class=\"elementor-element elementor-element-36221fd elementor-widget elementor-widget-text-editor\" data-id=\"36221fd\" data-element_type=\"widget\" data-widget_type=\"text-editor.default\">\n\t\t\t\t\t\t\t\t\t<table>\n<tbody>\n<tr>\n<td><strong>Balade de 30 minutes d\u00e9couverte<\/strong><\/td>\n<td>Une motoneige pour 1 ou 2 personnes<br \/>Passager sur la moto du moniteur<\/td>\n<td>75,00 \u20ac<br \/>40,00 \u20ac<\/td>\n<\/tr>\n<tr>\n<td><strong>Balade de 1heure d\u00e9couverte<\/strong><\/td>\n<td>Une motoneige pour 1 ou 2 personnes<br \/>passager sur la moto du moniteur<\/td>\n<td>120,00 \u20ac<br \/>60,00 \u20ac<\/td>\n<\/tr>\n<tr>\n<td><strong>Balade sensation 50 minutes<\/strong><\/td>\n<td>Une motoneige pour 1 ou 2 personnes<\/td>\n<td>150,00 \u20ac<\/td>\n<\/tr>\n<tr>\n<td><strong>Bapt\u00eame enfants -12 ans<\/strong><\/td>\n<td>Le dimanche pendant le pot d&rsquo;accueil<\/td>\n<td>9,00 \u20ac<\/td>\n<\/tr>\n<\/tbody>\n<\/table>\t\t\t\t\t\t\t\t<\/div>\n\t\t\t\t<div class=\"elementor-element elementor-element-fed98c3 elementor-widget elementor-widget-text-editor\" data-id=\"fed98c3\" data-element_type=\"widget\" data-widget_type=\"text-editor.default\">\n\t\t\t\t\t\t\t\t\t<p>500\u20ac de caution \u00e0 remettre au guide par ch\u00e8que au d\u00e9but de la prestation (restitution en fin de prestation si aucune casse de mat\u00e9riel n\u2019est constat\u00e9)<\/p>\n<p><!-- \/wp:paragraph --><!-- wp:paragraph --><\/p>\n<p>Pour des raisons de s\u00e9curit\u00e9s et de bonne gestion de groupe il n\u2019est pas possible d\u2019\u00e9changer de pilotes au cour de la randonn\u00e9e<\/p>\n<p><!-- \/wp:paragraph --><!-- wp:paragraph --><\/p>\n<p>\u00a0<\/p>\n<p><!-- \/wp:paragraph --><!-- wp:paragraph --><\/p>\n<p><strong>1\/Pour les personnes en vacance au corbier \u00e0 la semaine<\/strong><\/p>\n<p><!-- \/wp:paragraph --><!-- wp:paragraph --><\/p>\n<p>\u00a0R\u00e9servation sur place \u00a0\u00e0 la boutique Clin d\u2019\u0153il d\u00e8s votre arriv\u00e9e sur la station (immeuble Apollo).<\/p>\n<p><!-- \/wp:paragraph --><!-- wp:paragraph --><\/p>\n<p>\u00a0<\/p>\n<p><!-- \/wp:paragraph --><!-- wp:paragraph --><\/p>\n<p><strong>2\/Pour les personnes ne s\u00e9journant pas dans la station du CORBIER<\/strong><\/p>\n<p><!-- \/wp:paragraph --><!-- wp:paragraph --><\/p>\n<p>\u00a0\u00a0T\u00e9l\u00e9chargez \u00a0et imprimez la <a href=\"http:\/\/motoneige-corbier.com\/wp-content\/uploads\/2024\/10\/Inscription-Motoneige.pdf\" target=\"_blank\" rel=\"noreferrer noopener\">fiche d&rsquo;inscription<\/a><\/p>\n<p><!-- \/wp:paragraph --><!-- wp:paragraph --><\/p>\n<p>\u00a0 Renseignez-la et exp\u00e9diez-la accompagn\u00e9e du r\u00e8glement (au minimum 1 semaine avant la date souhait\u00e9e)<\/p>\n<p><!-- \/wp:paragraph --><!-- wp:paragraph --><\/p>\n<p>\u00a0\u00a0 D\u00e8s r\u00e9ception, Benjamin vous contactera pour finaliser l\u2019inscription.\u00a0\u00a0\u00a0\u00a0\u00a0\u00a0\u00a0\u00a0\u00a0\u00a0\u00a0\u00a0\u00a0\u00a0\u00a0\u00a0\u00a0\u00a0\u00a0\u00a0\u00a0\u00a0\u00a0<\/p>\n<p><!-- \/wp:paragraph --><!-- wp:paragraph --><\/p>\n<p>\u00a0\u00a0\u00a0\u00a0\u00a0\u00a0\u00a0\u00a0\u00a0\u00a0\u00a0\u00a0\u00a0 Pour des raisons de bonne gestion du planning, nous demandons aux personnes s\u00e9journant au corbier \u00e0 la semaine de ne pas utiliser ce mode d&rsquo;inscription et de se r\u00e9f\u00e9rer au petit 1 (Pour les vacanciers).<\/p>\n<p><!-- \/wp:paragraph --><!-- wp:paragraph --><\/p>\n<p>\u00a0\u00a0\u00a0\u00a0\u00a0\u00a0\u00a0\u00a0\u00a0\u00a0\u00a0\u00a0\u00a0\u00a0 Merci de votre compr\u00e9hension.<\/p>\n<p><!-- \/wp:paragraph --><!-- wp:paragraph --><\/p>\n<p>\u00a0<\/p>\n<p><!-- \/wp:paragraph --><!-- wp:paragraph --><\/p>\n<p>\u00a0 <strong>3\/Id\u00e9e cadeau<\/strong><\/p>\n<p><!-- \/wp:paragraph --><!-- wp:paragraph --><\/p>\n<p>\u00a0\u00a0\u00a0\u00a0\u00a0\u00a0\u00a0\u00a0\u00a0\u00a0\u00a0\u00a0 Offrez du r\u00eave \u00e0 l\u2019heureux \u00e9lu\u00a0!<\/p>\n<p><!-- \/wp:paragraph --><!-- wp:paragraph --><\/p>\n<p>\u00a0\u00a0\u00a0\u00a0\u00a0\u00a0\u00a0\u00a0\u00a0\u00a0\u00a0\u00a0 \u00a0\u00a0La motoneige, c\u2019est la garantie d\u2019une exp\u00e9rience originale, inoubliable et sensationnelle que se soit pour No\u00ebl, Nouvel an, Saint Valentin, Anniversaire ou tout simplement\u00a0 pour le plaisir d\u2019offrir\u2026<\/p>\n<p><!-- \/wp:paragraph --><!-- wp:paragraph --><\/p>\n<p>\u00a0\u00a0\u00a0\u00a0\u00a0\u00a0\u00a0 \u00a0\u00a0\u00a0\u00a0\u00a0 Pour cela, t\u00e9l\u00e9chargez et imprimez la fiche <a href=\"http:\/\/motoneige-corbier.com\/wp-content\/uploads\/2024\/10\/Bon-Cadeau-Motoneige.pdf\" target=\"_blank\" rel=\"noreferrer noopener\">bon cadeau<\/a>.<\/p>\n<p><!-- \/wp:paragraph --><!-- wp:paragraph --><\/p>\n<p>\u00a0Renseignez la et l&rsquo;exp\u00e9dier la accompagn\u00e9e du r\u00e8glement et du enveloppe timbr\u00e9e.<\/p>\n<p><!-- \/wp:paragraph --><!-- wp:paragraph --><\/p>\n<p>Des reception benjamin vous enverra votre bon cadeau chez vous afin que vous puissiez l\u2019offrir en main propre au petit chanceux.<\/p>\n<p><!-- \/wp:paragraph --><!-- wp:paragraph --><\/p>\n<p>Il suffira au destinataire du bon de contacter benjamin pour finaliser le jour et l\u2019heure de la prestation au moins 1 semaine avant la date souhait\u00e9e.<\/p>\n<p><!-- \/wp:paragraph --><!-- wp:paragraph --><\/p>\n<p>\u00a0<\/p>\n<p><!-- \/wp:paragraph --><!-- wp:paragraph --><\/p>\n<p><strong>\u00a0\u00a04\/Pour les groupes et comit\u00e9s d\u2019entreprise<\/strong><\/p>\n<p><!-- \/wp:paragraph --><!-- wp:paragraph --><\/p>\n<p>\u00a0\u00a0\u00a0\u00a0\u00a0\u00a0\u00a0\u00a0\u00a0\u00a0\u00a0\u00a0 Soir\u00e9e savoyarde : moto neige + restaurant \u00e0 partir de 10 personnes<\/p>\n<p><!-- \/wp:paragraph --><!-- wp:paragraph --><\/p>\n<p>\u00a0\u00a0\u00a0\u00a0\u00a0\u00a0\u00a0\u00a0\u00a0\u00a0\u00a0\u00a0\u00a0 Capacit\u00e9 d\u2019accueil jusqu&rsquo;\u00e0 50 personnes sur la base de randonn\u00e9e d\u2019une heure \u00e0 2 par moto.<\/p>\n<p><!-- \/wp:paragraph --><!-- wp:paragraph --><\/p>\n<p>\u00a0\u00a0\u00a0\u00a0\u00a0\u00a0\u00a0\u00a0\u00a0\u00a0\u00a0\u00a0\u00a0 Cette capacit\u00e9 d\u2019accueil peut \u00eatre augment\u00e9e si vous choisissez une randonn\u00e9e plus courte.<\/p>\n<p><!-- \/wp:paragraph --><!-- wp:paragraph --><\/p>\n<p>\u00a0 Possibilit\u00e9 d\u2019organiser en m\u00eame temps une randonn\u00e9e de raquette aux flambeaux pour les personnes ne souhaitant pas s\u2019initier au pilotage.<\/p>\n<p><!-- \/wp:paragraph --><!-- wp:paragraph --><\/p>\n<p>Benjamin s\u2019occupe de tout pour la r\u00e9alisation de votre soir\u00e9e<\/p>\n<p><!-- \/wp:paragraph --><!-- wp:paragraph --><\/p>\n<p>Contactez-moi pour plus d\u2019info. Je m\u2019adapterai \u00e0 vos attentes pour vous faire vivre une soir\u00e9e inoubliable.<\/p>\n<p><!-- \/wp:paragraph --><!-- wp:paragraph --><\/p>\n<p>\u00a0<\/p>\n<p><!-- \/wp:paragraph --><!-- wp:paragraph --><\/p>\n<p>\u00a0\u00a0\u00a0 <strong>5\/Pour les personnes \u00e0 mobilit\u00e9 r\u00e9duite<\/strong><\/p>\n<p><!-- \/wp:paragraph --><!-- wp:paragraph --><\/p>\n<p>\u00a0\u00a0\u00a0\u00a0\u00a0\u00a0\u00a0\u00a0\u00a0\u00a0\u00a0\u00a0 Possibilit\u00e9 de conduire ou de monter en passager selon l\u2019handicap.<\/p>\n<p><!-- \/wp:paragraph --><!-- wp:paragraph --><\/p>\n<p>\u00a0\u00a0\u00a0\u00a0\u00a0\u00a0\u00a0\u00a0\u00a0\u00a0\u00a0\u00a0\u00a0 Pr\u00e9sentez-vous \u00e0 la boutique clin d\u2019oeil pour rencontrer Benjamin afin de voir si le projet est r\u00e9alisable.<\/p>\t\t\t\t\t\t\t\t<\/div>\n\t\t\t\t<div class=\"elementor-element elementor-element-b5f2506 elementor-widget elementor-widget-button\" data-id=\"b5f2506\" data-element_type=\"widget\" data-widget_type=\"button.default\">\n\t\t\t\t\t\t\t\t\t\t<a class=\"elementor-button elementor-button-link elementor-size-sm elementor-animation-grow\" href=\"http:\/\/motoneige-corbier.com\/wp-content\/uploads\/2024\/10\/Inscription-Motoneige.pdf\" target=\"_blank\">\n\t\t\t\t\t\t<span class=\"elementor-button-content-wrapper\">\n\t\t\t\t\t\t\t\t\t<span class=\"elementor-button-text\">Formulaire d'inscription<\/span>\n\t\t\t\t\t<\/span>\n\t\t\t\t\t<\/a>\n\t\t\t\t\t\t\t\t<\/div>\n\t\t\t\t\t<\/div>\n\t\t\t\t<\/div>\n\t\t\t\t<\/div>\n\t\t","protected":false},"excerpt":{"rendered":"<p>Tarifs et r\u00e9servations Tous les jours d\u00e8s 17h30 Balade de 30 minutes d\u00e9couverte Une motoneige pour 1 ou 2 personnesPassager sur la moto du moniteur 75,00 \u20ac40,00 \u20ac Balade de 1heure d\u00e9couverte Une motoneige pour 1 ou 2 personnespassager sur la moto du moniteur 120,00 \u20ac60,00 \u20ac Balade sensation 50 minutes Une motoneige pour 1 [&hellip;]<\/p>\n","protected":false},"author":1,"featured_media":0,"parent":0,"menu_order":0,"comment_status":"closed","ping_status":"closed","template":"","meta":{"ocean_post_layout":"","ocean_both_sidebars_style":"","ocean_both_sidebars_content_width":0,"ocean_both_sidebars_sidebars_width":0,"ocean_sidebar":"","ocean_second_sidebar":"","ocean_disable_margins":"enable","ocean_add_body_class":"","ocean_shortcode_before_top_bar":"","ocean_shortcode_after_top_bar":"","ocean_shortcode_before_header":"","ocean_shortcode_after_header":"","ocean_has_shortcode":"","ocean_shortcode_after_title":"","ocean_shortcode_before_footer_widgets":"","ocean_shortcode_after_footer_widgets":"","ocean_shortcode_before_footer_bottom":"","ocean_shortcode_after_footer_bottom":"","ocean_display_top_bar":"default","ocean_display_header":"default","ocean_header_style":"","ocean_center_header_left_menu":"","ocean_custom_header_template":"","ocean_custom_logo":0,"ocean_custom_retina_logo":0,"ocean_custom_logo_max_width":0,"ocean_custom_logo_tablet_max_width":0,"ocean_custom_logo_mobile_max_width":0,"ocean_custom_logo_max_height":0,"ocean_custom_logo_tablet_max_height":0,"ocean_custom_logo_mobile_max_height":0,"ocean_header_custom_menu":"","ocean_menu_typo_font_family":"","ocean_menu_typo_font_subset":"","ocean_menu_typo_font_size":0,"ocean_menu_typo_font_size_tablet":0,"ocean_menu_typo_font_size_mobile":0,"ocean_menu_typo_font_size_unit":"px","ocean_menu_typo_font_weight":"","ocean_menu_typo_font_weight_tablet":"","ocean_menu_typo_font_weight_mobile":"","ocean_menu_typo_transform":"","ocean_menu_typo_transform_tablet":"","ocean_menu_typo_transform_mobile":"","ocean_menu_typo_line_height":0,"ocean_menu_typo_line_height_tablet":0,"ocean_menu_typo_line_height_mobile":0,"ocean_menu_typo_line_height_unit":"","ocean_menu_typo_spacing":0,"ocean_menu_typo_spacing_tablet":0,"ocean_menu_typo_spacing_mobile":0,"ocean_menu_typo_spacing_unit":"","ocean_menu_link_color":"","ocean_menu_link_color_hover":"","ocean_menu_link_color_active":"","ocean_menu_link_background":"","ocean_menu_link_hover_background":"","ocean_menu_link_active_background":"","ocean_menu_social_links_bg":"","ocean_menu_social_hover_links_bg":"","ocean_menu_social_links_color":"","ocean_menu_social_hover_links_color":"","ocean_disable_title":"default","ocean_disable_heading":"default","ocean_post_title":"","ocean_post_subheading":"","ocean_post_title_style":"","ocean_post_title_background_color":"","ocean_post_title_background":0,"ocean_post_title_bg_image_position":"","ocean_post_title_bg_image_attachment":"","ocean_post_title_bg_image_repeat":"","ocean_post_title_bg_image_size":"","ocean_post_title_height":0,"ocean_post_title_bg_overlay":0.5,"ocean_post_title_bg_overlay_color":"","ocean_disable_breadcrumbs":"default","ocean_breadcrumbs_color":"","ocean_breadcrumbs_separator_color":"","ocean_breadcrumbs_links_color":"","ocean_breadcrumbs_links_hover_color":"","ocean_display_footer_widgets":"default","ocean_display_footer_bottom":"default","ocean_custom_footer_template":"","footnotes":""},"class_list":["post-31","page","type-page","status-publish","hentry","entry"],"yoast_head":"<!-- This site is optimized with the Yoast SEO plugin v27.4 - https:\/\/yoast.com\/product\/yoast-seo-wordpress\/ -->\n<title>Tarifs et r\u00e9servations - Motoneige Le Corbier<\/title>\n<meta name=\"robots\" content=\"index, follow, max-snippet:-1, max-image-preview:large, max-video-preview:-1\" \/>\n<link rel=\"canonical\" href=\"http:\/\/motoneige-corbier.com\/tarifs-et-reservations\/\" \/>\n<meta property=\"og:locale\" content=\"fr_FR\" \/>\n<meta property=\"og:type\" content=\"article\" \/>\n<meta property=\"og:title\" content=\"Tarifs et r\u00e9servations - Motoneige Le Corbier\" \/>\n<meta property=\"og:description\" content=\"Tarifs et r\u00e9servations Tous les jours d\u00e8s 17h30 Balade de 30 minutes d\u00e9couverte Une motoneige pour 1 ou 2 personnesPassager sur la moto du moniteur 75,00 \u20ac40,00 \u20ac Balade de 1heure d\u00e9couverte Une motoneige pour 1 ou 2 personnespassager sur la moto du moniteur 120,00 \u20ac60,00 \u20ac Balade sensation 50 minutes Une motoneige pour 1 [&hellip;]\" \/>\n<meta property=\"og:url\" content=\"http:\/\/motoneige-corbier.com\/tarifs-et-reservations\/\" \/>\n<meta property=\"og:site_name\" content=\"Motoneige Le Corbier\" \/>\n<meta property=\"article:modified_time\" content=\"2025-11-21T16:11:22+00:00\" \/>\n<meta name=\"twitter:card\" content=\"summary_large_image\" \/>\n<script type=\"application\/ld+json\" class=\"yoast-schema-graph\">{\"@context\":\"https:\\\/\\\/schema.org\",\"@graph\":[{\"@type\":\"WebPage\",\"@id\":\"http:\\\/\\\/motoneige-corbier.com\\\/tarifs-et-reservations\\\/\",\"url\":\"http:\\\/\\\/motoneige-corbier.com\\\/tarifs-et-reservations\\\/\",\"name\":\"Tarifs et r\u00e9servations - Motoneige Le Corbier\",\"isPartOf\":{\"@id\":\"http:\\\/\\\/motoneige-corbier.com\\\/#website\"},\"datePublished\":\"2023-10-17T19:50:56+00:00\",\"dateModified\":\"2025-11-21T16:11:22+00:00\",\"breadcrumb\":{\"@id\":\"http:\\\/\\\/motoneige-corbier.com\\\/tarifs-et-reservations\\\/#breadcrumb\"},\"inLanguage\":\"fr-FR\",\"potentialAction\":[{\"@type\":\"ReadAction\",\"target\":[\"http:\\\/\\\/motoneige-corbier.com\\\/tarifs-et-reservations\\\/\"]}]},{\"@type\":\"BreadcrumbList\",\"@id\":\"http:\\\/\\\/motoneige-corbier.com\\\/tarifs-et-reservations\\\/#breadcrumb\",\"itemListElement\":[{\"@type\":\"ListItem\",\"position\":1,\"name\":\"Accueil\",\"item\":\"http:\\\/\\\/motoneige-corbier.com\\\/\"},{\"@type\":\"ListItem\",\"position\":2,\"name\":\"Tarifs et r\u00e9servations\"}]},{\"@type\":\"WebSite\",\"@id\":\"http:\\\/\\\/motoneige-corbier.com\\\/#website\",\"url\":\"http:\\\/\\\/motoneige-corbier.com\\\/\",\"name\":\"Motoneige Le Corbier\",\"description\":\"\",\"publisher\":{\"@id\":\"http:\\\/\\\/motoneige-corbier.com\\\/#organization\"},\"potentialAction\":[{\"@type\":\"SearchAction\",\"target\":{\"@type\":\"EntryPoint\",\"urlTemplate\":\"http:\\\/\\\/motoneige-corbier.com\\\/?s={search_term_string}\"},\"query-input\":{\"@type\":\"PropertyValueSpecification\",\"valueRequired\":true,\"valueName\":\"search_term_string\"}}],\"inLanguage\":\"fr-FR\"},{\"@type\":\"Organization\",\"@id\":\"http:\\\/\\\/motoneige-corbier.com\\\/#organization\",\"name\":\"Motoneige Le Corbier\",\"url\":\"http:\\\/\\\/motoneige-corbier.com\\\/\",\"logo\":{\"@type\":\"ImageObject\",\"inLanguage\":\"fr-FR\",\"@id\":\"http:\\\/\\\/motoneige-corbier.com\\\/#\\\/schema\\\/logo\\\/image\\\/\",\"url\":\"http:\\\/\\\/motoneige-corbier.com\\\/wp-content\\\/uploads\\\/2023\\\/11\\\/logo-new-300x212-removebg-preview-1.png\",\"contentUrl\":\"http:\\\/\\\/motoneige-corbier.com\\\/wp-content\\\/uploads\\\/2023\\\/11\\\/logo-new-300x212-removebg-preview-1.png\",\"width\":300,\"height\":212,\"caption\":\"Motoneige Le Corbier\"},\"image\":{\"@id\":\"http:\\\/\\\/motoneige-corbier.com\\\/#\\\/schema\\\/logo\\\/image\\\/\"}}]}<\/script>\n<!-- \/ Yoast SEO plugin. -->","yoast_head_json":{"title":"Tarifs et r\u00e9servations - Motoneige Le Corbier","robots":{"index":"index","follow":"follow","max-snippet":"max-snippet:-1","max-image-preview":"max-image-preview:large","max-video-preview":"max-video-preview:-1"},"canonical":"http:\/\/motoneige-corbier.com\/tarifs-et-reservations\/","og_locale":"fr_FR","og_type":"article","og_title":"Tarifs et r\u00e9servations - Motoneige Le Corbier","og_description":"Tarifs et r\u00e9servations Tous les jours d\u00e8s 17h30 Balade de 30 minutes d\u00e9couverte Une motoneige pour 1 ou 2 personnesPassager sur la moto du moniteur 75,00 \u20ac40,00 \u20ac Balade de 1heure d\u00e9couverte Une motoneige pour 1 ou 2 personnespassager sur la moto du moniteur 120,00 \u20ac60,00 \u20ac Balade sensation 50 minutes Une motoneige pour 1 [&hellip;]","og_url":"http:\/\/motoneige-corbier.com\/tarifs-et-reservations\/","og_site_name":"Motoneige Le Corbier","article_modified_time":"2025-11-21T16:11:22+00:00","twitter_card":"summary_large_image","schema":{"@context":"https:\/\/schema.org","@graph":[{"@type":"WebPage","@id":"http:\/\/motoneige-corbier.com\/tarifs-et-reservations\/","url":"http:\/\/motoneige-corbier.com\/tarifs-et-reservations\/","name":"Tarifs et r\u00e9servations - Motoneige Le Corbier","isPartOf":{"@id":"http:\/\/motoneige-corbier.com\/#website"},"datePublished":"2023-10-17T19:50:56+00:00","dateModified":"2025-11-21T16:11:22+00:00","breadcrumb":{"@id":"http:\/\/motoneige-corbier.com\/tarifs-et-reservations\/#breadcrumb"},"inLanguage":"fr-FR","potentialAction":[{"@type":"ReadAction","target":["http:\/\/motoneige-corbier.com\/tarifs-et-reservations\/"]}]},{"@type":"BreadcrumbList","@id":"http:\/\/motoneige-corbier.com\/tarifs-et-reservations\/#breadcrumb","itemListElement":[{"@type":"ListItem","position":1,"name":"Accueil","item":"http:\/\/motoneige-corbier.com\/"},{"@type":"ListItem","position":2,"name":"Tarifs et r\u00e9servations"}]},{"@type":"WebSite","@id":"http:\/\/motoneige-corbier.com\/#website","url":"http:\/\/motoneige-corbier.com\/","name":"Motoneige Le Corbier","description":"","publisher":{"@id":"http:\/\/motoneige-corbier.com\/#organization"},"potentialAction":[{"@type":"SearchAction","target":{"@type":"EntryPoint","urlTemplate":"http:\/\/motoneige-corbier.com\/?s={search_term_string}"},"query-input":{"@type":"PropertyValueSpecification","valueRequired":true,"valueName":"search_term_string"}}],"inLanguage":"fr-FR"},{"@type":"Organization","@id":"http:\/\/motoneige-corbier.com\/#organization","name":"Motoneige Le Corbier","url":"http:\/\/motoneige-corbier.com\/","logo":{"@type":"ImageObject","inLanguage":"fr-FR","@id":"http:\/\/motoneige-corbier.com\/#\/schema\/logo\/image\/","url":"http:\/\/motoneige-corbier.com\/wp-content\/uploads\/2023\/11\/logo-new-300x212-removebg-preview-1.png","contentUrl":"http:\/\/motoneige-corbier.com\/wp-content\/uploads\/2023\/11\/logo-new-300x212-removebg-preview-1.png","width":300,"height":212,"caption":"Motoneige Le Corbier"},"image":{"@id":"http:\/\/motoneige-corbier.com\/#\/schema\/logo\/image\/"}}]}},"_links":{"self":[{"href":"http:\/\/motoneige-corbier.com\/wp-json\/wp\/v2\/pages\/31","targetHints":{"allow":["GET"]}}],"collection":[{"href":"http:\/\/motoneige-corbier.com\/wp-json\/wp\/v2\/pages"}],"about":[{"href":"http:\/\/motoneige-corbier.com\/wp-json\/wp\/v2\/types\/page"}],"author":[{"embeddable":true,"href":"http:\/\/motoneige-corbier.com\/wp-json\/wp\/v2\/users\/1"}],"replies":[{"embeddable":true,"href":"http:\/\/motoneige-corbier.com\/wp-json\/wp\/v2\/comments?post=31"}],"version-history":[{"count":16,"href":"http:\/\/motoneige-corbier.com\/wp-json\/wp\/v2\/pages\/31\/revisions"}],"predecessor-version":[{"id":215,"href":"http:\/\/motoneige-corbier.com\/wp-json\/wp\/v2\/pages\/31\/revisions\/215"}],"wp:attachment":[{"href":"http:\/\/motoneige-corbier.com\/wp-json\/wp\/v2\/media?parent=31"}],"curies":[{"name":"wp","href":"https:\/\/api.w.org\/{rel}","templated":true}]}}