{"id":24,"date":"2023-10-17T21:46:30","date_gmt":"2023-10-17T19:46:30","guid":{"rendered":"http:\/\/motoneige-corbier.com\/?page_id=24"},"modified":"2025-11-21T17:07:18","modified_gmt":"2025-11-21T16:07:18","slug":"informations","status":"publish","type":"page","link":"http:\/\/motoneige-corbier.com\/informations\/","title":{"rendered":"Informations"},"content":{"rendered":"\t\t<div data-elementor-type=\"wp-page\" data-elementor-id=\"24\" class=\"elementor elementor-24\" data-elementor-post-type=\"page\">\n\t\t\t\t<div class=\"elementor-element elementor-element-1847c16 e-flex e-con-boxed e-con e-parent\" data-id=\"1847c16\" data-element_type=\"container\">\n\t\t\t\t\t<div class=\"e-con-inner\">\n\t\t\t\t<div class=\"elementor-element elementor-element-63c0d8d elementor-widget elementor-widget-heading\" data-id=\"63c0d8d\" data-element_type=\"widget\" data-widget_type=\"heading.default\">\n\t\t\t\t\t<h2 class=\"elementor-heading-title elementor-size-default\">Informations<\/h2>\t\t\t\t<\/div>\n\t\t\t\t<div class=\"elementor-element elementor-element-744664c elementor-widget-divider--view-line elementor-widget elementor-widget-divider\" data-id=\"744664c\" data-element_type=\"widget\" data-widget_type=\"divider.default\">\n\t\t\t\t\t\t\t<div class=\"elementor-divider\">\n\t\t\t<span class=\"elementor-divider-separator\">\n\t\t\t\t\t\t<\/span>\n\t\t<\/div>\n\t\t\t\t\t\t<\/div>\n\t\t<div class=\"elementor-element elementor-element-65be29f e-con-full e-flex e-con e-child\" data-id=\"65be29f\" data-element_type=\"container\">\n\t\t<div class=\"elementor-element elementor-element-09b0023 e-con-full e-flex e-con e-child\" data-id=\"09b0023\" data-element_type=\"container\">\n\t\t\t\t<div class=\"elementor-element elementor-element-cc8bdb2 elementor-widget elementor-widget-text-editor\" data-id=\"cc8bdb2\" data-element_type=\"widget\" data-widget_type=\"text-editor.default\">\n\t\t\t\t\t\t\t\t\t<p><strong>O\u00f9 et Quand\u00a0?<\/strong><\/p>\n<p><!-- \/wp:paragraph --><!-- wp:paragraph --><\/p>\n<p>L\u2019aventure se d\u00e9roule au c\u0153ur du massif des Sybelles sur le domaine skiable du Corbier tous les soir \u00e0 partir de 17h30<\/p>\n<p><!-- \/wp:paragraph --><!-- wp:paragraph --><\/p>\n<p>&#8211; les inscriptions se font en d\u00e9but de semaine \u00e0 la boutique clin d\u2019\u0153il (immeuble Appolo galerie haute)<\/p>\n<p><!-- \/wp:paragraph --><!-- wp:paragraph --><\/p>\n<p>&#8211; le d\u00e9part et les arriv\u00e9es des randonn\u00e9es s\u2019effectuent derri\u00e8re l\u2019office du tourisme.<\/p>\t\t\t\t\t\t\t\t<\/div>\n\t\t\t\t<\/div>\n\t\t<div class=\"elementor-element elementor-element-966141c e-con-full e-flex e-con e-child\" data-id=\"966141c\" data-element_type=\"container\" data-settings=\"{&quot;background_background&quot;:&quot;classic&quot;}\">\n\t\t\t\t<\/div>\n\t\t\t\t<\/div>\n\t\t<div class=\"elementor-element elementor-element-bafa5c1 e-con-full e-flex e-con e-child\" data-id=\"bafa5c1\" data-element_type=\"container\">\n\t\t<div class=\"elementor-element elementor-element-c6f70bf e-con-full e-flex e-con e-child\" data-id=\"c6f70bf\" data-element_type=\"container\">\n\t\t\t\t<div class=\"elementor-element elementor-element-8f0e7fe elementor-widget elementor-widget-text-editor\" data-id=\"8f0e7fe\" data-element_type=\"widget\" data-widget_type=\"text-editor.default\">\n\t\t\t\t\t\t\t\t\t<p><strong>Pour Qui\u00a0?<\/strong><\/p>\n<p><!-- \/wp:paragraph --><!-- wp:paragraph --><\/p>\n<p>\u00a0\u00a0\u00a0\u00a0 <strong>Conducteur<\/strong>: \u00e0 partir de 18 ans et le permis de conduire B (voiture)<\/p>\n<p><!-- \/wp:paragraph --><!-- wp:paragraph --><\/p>\n<p><strong>\u00a0\u00a0\u00a0\u00a0 Passager<\/strong>\u00a0: \u00e0 partir de 8 ans<\/p>\n<p><!-- \/wp:paragraph --><!-- wp:paragraph --><\/p>\n<p>La conduite d\u2019une motoneige reste tr\u00e8s accessible et\u00a0 ne pr\u00e9sente que tr\u00e8s peu de risque si les consignes du guide sont respect\u00e9es. Toutefois si vous avez un probl\u00e8me de sant\u00e9 consult\u00e9 un m\u00e9decin pour avoir son avis afin de profiter pleinement de votre randonn\u00e9e.<\/p>\t\t\t\t\t\t\t\t<\/div>\n\t\t\t\t<\/div>\n\t\t<div class=\"elementor-element elementor-element-3e7edae e-con-full e-flex e-con e-child\" data-id=\"3e7edae\" data-element_type=\"container\" data-settings=\"{&quot;background_background&quot;:&quot;classic&quot;}\">\n\t\t\t\t<\/div>\n\t\t\t\t<\/div>\n\t\t<div class=\"elementor-element elementor-element-308c81d e-con-full e-flex e-con e-child\" data-id=\"308c81d\" data-element_type=\"container\">\n\t\t<div class=\"elementor-element elementor-element-f5e5c74 e-con-full e-flex e-con e-child\" data-id=\"f5e5c74\" data-element_type=\"container\">\n\t\t\t\t<div class=\"elementor-element elementor-element-4cf1b71 elementor-widget elementor-widget-text-editor\" data-id=\"4cf1b71\" data-element_type=\"widget\" data-widget_type=\"text-editor.default\">\n\t\t\t\t\t\t\t\t\t<div class=\"wp-block-columns\">\n<div class=\"wp-block-column\">\n<p><strong>Comment s\u2019inscrire ?<\/strong><\/p>\n<\/div>\n<\/div>\n<div class=\"wp-block-columns\">\n<div class=\"wp-block-column\"><!-- \/wp:paragraph --><!-- wp:paragraph -->\n<p><strong>1\/Pour les personnes en vacance au Corbier \u00e0 la semaine\u00a0:<\/strong><\/p>\n<!-- \/wp:paragraph --><!-- wp:paragraph -->\n<p>\u00a0R\u00e9servation sur place\u00a0 \u00e0 la boutique Clin d\u2019\u0153il d\u00e8s votre arriv\u00e9e sur la station (immeuble Apollo).<\/p>\n<!-- \/wp:paragraph --><!-- wp:paragraph -->\n<p>Vous pourrez ainsi choisir votre jour prestation.<strong>\u00a0 \u00a0\u00a0\u00a0\u00a0\u00a0\u00a0\u00a0\u00a0\u00a0 \u00a0\u00a0<\/strong><\/p>\n<!-- \/wp:paragraph --><!-- wp:paragraph -->\n<p><strong>\u00a02\/Pour les personnes ne s\u00e9journant pas dans la station du CORBIER<\/strong><\/p>\n<!-- \/wp:paragraph --><!-- wp:paragraph -->\n<p>\u00a0 <strong>T\u00e9l\u00e9chargez\u00a0 et imprimez la fiche d&rsquo;inscription<\/strong><\/p>\n<!-- \/wp:paragraph --><!-- wp:paragraph -->\n<p>\u00a0 Renseignez-la et exp\u00e9diez-la accompagn\u00e9e du r\u00e8glement (au minimum 1 semaine avant la date souhait\u00e9e)<\/p>\n<!-- \/wp:paragraph --><!-- wp:paragraph -->\n<p>\u00a0\u00a0 D\u00e8s r\u00e9ception, Benjamin vous contactera pour finaliser l\u2019inscription.\u00a0\u00a0\u00a0<\/p>\n<!-- \/wp:paragraph --><!-- wp:paragraph -->\n<p>\u00a0 Pour des raisons de bonne gestion du planning, nous demandons aux personnes s\u00e9journant au corbier \u00e0 la semaine de ne pas utiliser ce mode d&rsquo;inscription et de se r\u00e9f\u00e9rer au petit 1 Pour les personnes en vacance au corbier \u00e0 la semaine<\/p>\n<!-- \/wp:paragraph --><!-- wp:paragraph -->\n<p>Merci de votre compr\u00e9hension.\u00a0\u00a0\u00a0<\/p>\n<\/div>\n<\/div>\t\t\t\t\t\t\t\t<\/div>\n\t\t\t\t<\/div>\n\t\t<div class=\"elementor-element elementor-element-9455a25 e-con-full e-flex e-con e-child\" data-id=\"9455a25\" data-element_type=\"container\" data-settings=\"{&quot;background_background&quot;:&quot;classic&quot;}\">\n\t\t\t\t<\/div>\n\t\t\t\t<\/div>\n\t\t<div class=\"elementor-element elementor-element-cddba74 e-con-full e-flex e-con e-child\" data-id=\"cddba74\" data-element_type=\"container\">\n\t\t<div class=\"elementor-element elementor-element-9f2ed96 e-con-full e-flex e-con e-child\" data-id=\"9f2ed96\" data-element_type=\"container\">\n\t\t\t\t<div class=\"elementor-element elementor-element-9b8dc19 elementor-widget elementor-widget-text-editor\" data-id=\"9b8dc19\" data-element_type=\"widget\" data-widget_type=\"text-editor.default\">\n\t\t\t\t\t\t\t\t\t<p><strong>Mat\u00e9riel \u00e0 pr\u00e9voir\u00a0?<\/strong><\/p>\n<p><!-- \/wp:paragraph --><!-- wp:paragraph --><\/p>\n<p>Pour votre randonn\u00e9e un casque homologu\u00e9 ainsi qu\u2019une charlotte hygi\u00e9nique vous sera fourni.<\/p>\n<p><!-- \/wp:paragraph --><!-- wp:paragraph --><\/p>\n<p>Il est indispensable de vous \u00e9quiper d\u2019une <strong>tenue hivernale chaude ainsi qu\u2019une paire gant<\/strong>.<\/p>\n<p><!-- \/wp:paragraph --><!-- wp:paragraph --><\/p>\n<p>IL est recommand\u00e9 de vous munir de chaussure chaude type montagne ou apr\u00e8s ski.<\/p>\n<p><!-- \/wp:paragraph --><!-- wp:paragraph --><\/p>\n<p>Les chaussures de ski sont interdites.<\/p>\t\t\t\t\t\t\t\t<\/div>\n\t\t\t\t<\/div>\n\t\t<div class=\"elementor-element elementor-element-062cc20 e-con-full e-flex e-con e-child\" data-id=\"062cc20\" data-element_type=\"container\" data-settings=\"{&quot;background_background&quot;:&quot;classic&quot;}\">\n\t\t\t\t<\/div>\n\t\t\t\t<\/div>\n\t\t<div class=\"elementor-element elementor-element-6ef3783 e-con-full e-flex e-con e-child\" data-id=\"6ef3783\" data-element_type=\"container\">\n\t\t<div class=\"elementor-element elementor-element-7f25701 e-con-full e-flex e-con e-child\" data-id=\"7f25701\" data-element_type=\"container\">\n\t\t\t\t<div class=\"elementor-element elementor-element-978b7f0 elementor-widget elementor-widget-text-editor\" data-id=\"978b7f0\" data-element_type=\"widget\" data-widget_type=\"text-editor.default\">\n\t\t\t\t\t\t\t\t\t<div class=\"wp-block-columns\">\n<div class=\"wp-block-column\">\n<div class=\"wp-block-columns\">\n<div class=\"wp-block-column\">\n<p><strong>D\u00e9roulement de votre randonn\u00e9e ?<\/strong><\/p>\n<\/div>\n<\/div>\n<div class=\"wp-block-columns\">\n<div class=\"wp-block-column\"><!-- \/wp:paragraph --><!-- wp:paragraph -->\n<p>\u00a0 &#8211; Rendez vous derri\u00e8re l\u2019office du tourisme 5 minutes avant votre heure de d\u00e9part.<\/p>\n<!-- \/wp:paragraph --><!-- wp:paragraph -->\n<p>Le guide sera la pour vous accueillir et r\u00e9cup\u00e9rera vos contrat de location ainsi que vos ch\u00e8ques de caution.<\/p>\n<!-- \/wp:paragraph --><!-- wp:paragraph -->\n<p>&#8211; Il vous distribuera un casque et vous \u00e9couterez son briefing d\u2019environ 5 minutes vous expliquant le bon maniement d\u2019une motoneige ainsi que les r\u00e8gles de s\u00e9curit\u00e9 indispensable \u00e0 suivre tout au long de la randonn\u00e9e.<\/p>\n<!-- \/wp:paragraph --><!-- wp:paragraph -->\n<p>&#8211; Apr\u00e8s vous avoir attribu\u00e9 une moto, le guide prendra la t\u00eate de la randonn\u00e9e et vous partirez au guidon de votre motoneige pour quelques tours de chauffe \u00e0 vitesse r\u00e9duite afin de vous familiariser avec le mat\u00e9riel.<\/p>\n<!-- \/wp:paragraph --><!-- wp:paragraph -->\n<p>&#8211; Une fois la moto bien prise en main vous partirez \u00e0 la d\u00e9couverte du domaine du Corbier en suivant votre guide qui adaptera l\u2019allure et les difficult\u00e9s techniques en fonction du groupe.<\/p>\n<!-- \/wp:paragraph --><!-- wp:paragraph -->\n<p>Il est indispensable que chaque participant respecte les consignes du guide. Le non-respect des r\u00e8gles de s\u00e9curit\u00e9 peut consid\u00e9rablement nuire \u00e0 l\u2019itin\u00e9raire de la randonn\u00e9e pr\u00e9vu et peut m\u00eame aller jusqu\u2019\u00e0 l\u2019exclusion d\u2019un ou plusieurs participants sans aucun remboursements.<\/p>\n<\/div>\n<\/div>\n<\/div>\n<\/div>\t\t\t\t\t\t\t\t<\/div>\n\t\t\t\t<\/div>\n\t\t<div class=\"elementor-element elementor-element-921960f e-con-full e-flex e-con e-child\" data-id=\"921960f\" data-element_type=\"container\" data-settings=\"{&quot;background_background&quot;:&quot;classic&quot;}\">\n\t\t\t\t<\/div>\n\t\t\t\t<\/div>\n\t\t\t\t<div class=\"elementor-element elementor-element-5edca4f elementor-mobile-align-center elementor-widget elementor-widget-button\" data-id=\"5edca4f\" data-element_type=\"widget\" data-widget_type=\"button.default\">\n\t\t\t\t\t\t\t\t\t\t<a class=\"elementor-button elementor-button-link elementor-size-sm\" href=\"http:\/\/motoneige-corbier.com\/wp-content\/uploads\/2024\/10\/Inscription-Motoneige.pdf\" target=\"_blank\">\n\t\t\t\t\t\t<span class=\"elementor-button-content-wrapper\">\n\t\t\t\t\t\t\t\t\t<span class=\"elementor-button-text\">Formulaire d'inscription<\/span>\n\t\t\t\t\t<\/span>\n\t\t\t\t\t<\/a>\n\t\t\t\t\t\t\t\t<\/div>\n\t\t\t\t\t<\/div>\n\t\t\t\t<\/div>\n\t\t\t\t<\/div>\n\t\t","protected":false},"excerpt":{"rendered":"<p>Informations O\u00f9 et Quand\u00a0? L\u2019aventure se d\u00e9roule au c\u0153ur du massif des Sybelles sur le domaine skiable du Corbier tous les soir \u00e0 partir de 17h30 &#8211; les inscriptions se font en d\u00e9but de semaine \u00e0 la boutique clin d\u2019\u0153il (immeuble Appolo galerie haute) &#8211; le d\u00e9part et les arriv\u00e9es des randonn\u00e9es s\u2019effectuent derri\u00e8re l\u2019office [&hellip;]<\/p>\n","protected":false},"author":1,"featured_media":0,"parent":0,"menu_order":0,"comment_status":"closed","ping_status":"closed","template":"","meta":{"ocean_post_layout":"","ocean_both_sidebars_style":"","ocean_both_sidebars_content_width":0,"ocean_both_sidebars_sidebars_width":0,"ocean_sidebar":"","ocean_second_sidebar":"","ocean_disable_margins":"enable","ocean_add_body_class":"","ocean_shortcode_before_top_bar":"","ocean_shortcode_after_top_bar":"","ocean_shortcode_before_header":"","ocean_shortcode_after_header":"","ocean_has_shortcode":"","ocean_shortcode_after_title":"","ocean_shortcode_before_footer_widgets":"","ocean_shortcode_after_footer_widgets":"","ocean_shortcode_before_footer_bottom":"","ocean_shortcode_after_footer_bottom":"","ocean_display_top_bar":"default","ocean_display_header":"default","ocean_header_style":"","ocean_center_header_left_menu":"","ocean_custom_header_template":"","ocean_custom_logo":0,"ocean_custom_retina_logo":0,"ocean_custom_logo_max_width":0,"ocean_custom_logo_tablet_max_width":0,"ocean_custom_logo_mobile_max_width":0,"ocean_custom_logo_max_height":0,"ocean_custom_logo_tablet_max_height":0,"ocean_custom_logo_mobile_max_height":0,"ocean_header_custom_menu":"","ocean_menu_typo_font_family":"","ocean_menu_typo_font_subset":"","ocean_menu_typo_font_size":0,"ocean_menu_typo_font_size_tablet":0,"ocean_menu_typo_font_size_mobile":0,"ocean_menu_typo_font_size_unit":"px","ocean_menu_typo_font_weight":"","ocean_menu_typo_font_weight_tablet":"","ocean_menu_typo_font_weight_mobile":"","ocean_menu_typo_transform":"","ocean_menu_typo_transform_tablet":"","ocean_menu_typo_transform_mobile":"","ocean_menu_typo_line_height":0,"ocean_menu_typo_line_height_tablet":0,"ocean_menu_typo_line_height_mobile":0,"ocean_menu_typo_line_height_unit":"","ocean_menu_typo_spacing":0,"ocean_menu_typo_spacing_tablet":0,"ocean_menu_typo_spacing_mobile":0,"ocean_menu_typo_spacing_unit":"","ocean_menu_link_color":"","ocean_menu_link_color_hover":"","ocean_menu_link_color_active":"","ocean_menu_link_background":"","ocean_menu_link_hover_background":"","ocean_menu_link_active_background":"","ocean_menu_social_links_bg":"","ocean_menu_social_hover_links_bg":"","ocean_menu_social_links_color":"","ocean_menu_social_hover_links_color":"","ocean_disable_title":"default","ocean_disable_heading":"default","ocean_post_title":"","ocean_post_subheading":"","ocean_post_title_style":"","ocean_post_title_background_color":"","ocean_post_title_background":0,"ocean_post_title_bg_image_position":"","ocean_post_title_bg_image_attachment":"","ocean_post_title_bg_image_repeat":"","ocean_post_title_bg_image_size":"","ocean_post_title_height":0,"ocean_post_title_bg_overlay":0.5,"ocean_post_title_bg_overlay_color":"","ocean_disable_breadcrumbs":"default","ocean_breadcrumbs_color":"","ocean_breadcrumbs_separator_color":"","ocean_breadcrumbs_links_color":"","ocean_breadcrumbs_links_hover_color":"","ocean_display_footer_widgets":"default","ocean_display_footer_bottom":"default","ocean_custom_footer_template":"","footnotes":""},"class_list":["post-24","page","type-page","status-publish","hentry","entry"],"yoast_head":"<!-- This site is optimized with the Yoast SEO plugin v27.4 - https:\/\/yoast.com\/product\/yoast-seo-wordpress\/ -->\n<title>Informations - Motoneige Le Corbier<\/title>\n<meta name=\"description\" content=\"L\u2019aventure se d\u00e9roule au c\u0153ur du massif des Sybelles sur le domaine skiable du Corbier tous les soir \u00e0 partir de 17h30\" \/>\n<meta name=\"robots\" content=\"index, follow, max-snippet:-1, max-image-preview:large, max-video-preview:-1\" \/>\n<link rel=\"canonical\" href=\"http:\/\/motoneige-corbier.com\/informations\/\" \/>\n<meta property=\"og:locale\" content=\"fr_FR\" \/>\n<meta property=\"og:type\" content=\"article\" \/>\n<meta property=\"og:title\" content=\"Informations - Motoneige Le Corbier\" \/>\n<meta property=\"og:description\" content=\"L\u2019aventure se d\u00e9roule au c\u0153ur du massif des Sybelles sur le domaine skiable du Corbier tous les soir \u00e0 partir de 17h30\" \/>\n<meta property=\"og:url\" content=\"http:\/\/motoneige-corbier.com\/informations\/\" \/>\n<meta property=\"og:site_name\" content=\"Motoneige Le Corbier\" \/>\n<meta property=\"article:modified_time\" content=\"2025-11-21T16:07:18+00:00\" \/>\n<meta name=\"twitter:card\" content=\"summary_large_image\" \/>\n<script type=\"application\/ld+json\" class=\"yoast-schema-graph\">{\"@context\":\"https:\\\/\\\/schema.org\",\"@graph\":[{\"@type\":\"WebPage\",\"@id\":\"http:\\\/\\\/motoneige-corbier.com\\\/informations\\\/\",\"url\":\"http:\\\/\\\/motoneige-corbier.com\\\/informations\\\/\",\"name\":\"Informations - Motoneige Le Corbier\",\"isPartOf\":{\"@id\":\"https:\\\/\\\/motoneige-corbier.com\\\/#website\"},\"datePublished\":\"2023-10-17T19:46:30+00:00\",\"dateModified\":\"2025-11-21T16:07:18+00:00\",\"description\":\"L\u2019aventure se d\u00e9roule au c\u0153ur du massif des Sybelles sur le domaine skiable du Corbier tous les soir \u00e0 partir de 17h30\",\"breadcrumb\":{\"@id\":\"http:\\\/\\\/motoneige-corbier.com\\\/informations\\\/#breadcrumb\"},\"inLanguage\":\"fr-FR\",\"potentialAction\":[{\"@type\":\"ReadAction\",\"target\":[\"http:\\\/\\\/motoneige-corbier.com\\\/informations\\\/\"]}]},{\"@type\":\"BreadcrumbList\",\"@id\":\"http:\\\/\\\/motoneige-corbier.com\\\/informations\\\/#breadcrumb\",\"itemListElement\":[{\"@type\":\"ListItem\",\"position\":1,\"name\":\"Accueil\",\"item\":\"https:\\\/\\\/motoneige-corbier.com\\\/\"},{\"@type\":\"ListItem\",\"position\":2,\"name\":\"Informations\"}]},{\"@type\":\"WebSite\",\"@id\":\"https:\\\/\\\/motoneige-corbier.com\\\/#website\",\"url\":\"https:\\\/\\\/motoneige-corbier.com\\\/\",\"name\":\"Motoneige Le Corbier\",\"description\":\"\",\"publisher\":{\"@id\":\"https:\\\/\\\/motoneige-corbier.com\\\/#organization\"},\"potentialAction\":[{\"@type\":\"SearchAction\",\"target\":{\"@type\":\"EntryPoint\",\"urlTemplate\":\"https:\\\/\\\/motoneige-corbier.com\\\/?s={search_term_string}\"},\"query-input\":{\"@type\":\"PropertyValueSpecification\",\"valueRequired\":true,\"valueName\":\"search_term_string\"}}],\"inLanguage\":\"fr-FR\"},{\"@type\":\"Organization\",\"@id\":\"https:\\\/\\\/motoneige-corbier.com\\\/#organization\",\"name\":\"Motoneige Le Corbier\",\"url\":\"https:\\\/\\\/motoneige-corbier.com\\\/\",\"logo\":{\"@type\":\"ImageObject\",\"inLanguage\":\"fr-FR\",\"@id\":\"https:\\\/\\\/motoneige-corbier.com\\\/#\\\/schema\\\/logo\\\/image\\\/\",\"url\":\"http:\\\/\\\/motoneige-corbier.com\\\/wp-content\\\/uploads\\\/2023\\\/11\\\/logo-new-300x212-removebg-preview-1.png\",\"contentUrl\":\"http:\\\/\\\/motoneige-corbier.com\\\/wp-content\\\/uploads\\\/2023\\\/11\\\/logo-new-300x212-removebg-preview-1.png\",\"width\":300,\"height\":212,\"caption\":\"Motoneige Le Corbier\"},\"image\":{\"@id\":\"https:\\\/\\\/motoneige-corbier.com\\\/#\\\/schema\\\/logo\\\/image\\\/\"}}]}<\/script>\n<!-- \/ Yoast SEO plugin. -->","yoast_head_json":{"title":"Informations - Motoneige Le Corbier","description":"L\u2019aventure se d\u00e9roule au c\u0153ur du massif des Sybelles sur le domaine skiable du Corbier tous les soir \u00e0 partir de 17h30","robots":{"index":"index","follow":"follow","max-snippet":"max-snippet:-1","max-image-preview":"max-image-preview:large","max-video-preview":"max-video-preview:-1"},"canonical":"http:\/\/motoneige-corbier.com\/informations\/","og_locale":"fr_FR","og_type":"article","og_title":"Informations - Motoneige Le Corbier","og_description":"L\u2019aventure se d\u00e9roule au c\u0153ur du massif des Sybelles sur le domaine skiable du Corbier tous les soir \u00e0 partir de 17h30","og_url":"http:\/\/motoneige-corbier.com\/informations\/","og_site_name":"Motoneige Le Corbier","article_modified_time":"2025-11-21T16:07:18+00:00","twitter_card":"summary_large_image","schema":{"@context":"https:\/\/schema.org","@graph":[{"@type":"WebPage","@id":"http:\/\/motoneige-corbier.com\/informations\/","url":"http:\/\/motoneige-corbier.com\/informations\/","name":"Informations - Motoneige Le Corbier","isPartOf":{"@id":"https:\/\/motoneige-corbier.com\/#website"},"datePublished":"2023-10-17T19:46:30+00:00","dateModified":"2025-11-21T16:07:18+00:00","description":"L\u2019aventure se d\u00e9roule au c\u0153ur du massif des Sybelles sur le domaine skiable du Corbier tous les soir \u00e0 partir de 17h30","breadcrumb":{"@id":"http:\/\/motoneige-corbier.com\/informations\/#breadcrumb"},"inLanguage":"fr-FR","potentialAction":[{"@type":"ReadAction","target":["http:\/\/motoneige-corbier.com\/informations\/"]}]},{"@type":"BreadcrumbList","@id":"http:\/\/motoneige-corbier.com\/informations\/#breadcrumb","itemListElement":[{"@type":"ListItem","position":1,"name":"Accueil","item":"https:\/\/motoneige-corbier.com\/"},{"@type":"ListItem","position":2,"name":"Informations"}]},{"@type":"WebSite","@id":"https:\/\/motoneige-corbier.com\/#website","url":"https:\/\/motoneige-corbier.com\/","name":"Motoneige Le Corbier","description":"","publisher":{"@id":"https:\/\/motoneige-corbier.com\/#organization"},"potentialAction":[{"@type":"SearchAction","target":{"@type":"EntryPoint","urlTemplate":"https:\/\/motoneige-corbier.com\/?s={search_term_string}"},"query-input":{"@type":"PropertyValueSpecification","valueRequired":true,"valueName":"search_term_string"}}],"inLanguage":"fr-FR"},{"@type":"Organization","@id":"https:\/\/motoneige-corbier.com\/#organization","name":"Motoneige Le Corbier","url":"https:\/\/motoneige-corbier.com\/","logo":{"@type":"ImageObject","inLanguage":"fr-FR","@id":"https:\/\/motoneige-corbier.com\/#\/schema\/logo\/image\/","url":"http:\/\/motoneige-corbier.com\/wp-content\/uploads\/2023\/11\/logo-new-300x212-removebg-preview-1.png","contentUrl":"http:\/\/motoneige-corbier.com\/wp-content\/uploads\/2023\/11\/logo-new-300x212-removebg-preview-1.png","width":300,"height":212,"caption":"Motoneige Le Corbier"},"image":{"@id":"https:\/\/motoneige-corbier.com\/#\/schema\/logo\/image\/"}}]}},"_links":{"self":[{"href":"http:\/\/motoneige-corbier.com\/wp-json\/wp\/v2\/pages\/24","targetHints":{"allow":["GET"]}}],"collection":[{"href":"http:\/\/motoneige-corbier.com\/wp-json\/wp\/v2\/pages"}],"about":[{"href":"http:\/\/motoneige-corbier.com\/wp-json\/wp\/v2\/types\/page"}],"author":[{"embeddable":true,"href":"http:\/\/motoneige-corbier.com\/wp-json\/wp\/v2\/users\/1"}],"replies":[{"embeddable":true,"href":"http:\/\/motoneige-corbier.com\/wp-json\/wp\/v2\/comments?post=24"}],"version-history":[{"count":11,"href":"http:\/\/motoneige-corbier.com\/wp-json\/wp\/v2\/pages\/24\/revisions"}],"predecessor-version":[{"id":209,"href":"http:\/\/motoneige-corbier.com\/wp-json\/wp\/v2\/pages\/24\/revisions\/209"}],"wp:attachment":[{"href":"http:\/\/motoneige-corbier.com\/wp-json\/wp\/v2\/media?parent=24"}],"curies":[{"name":"wp","href":"https:\/\/api.w.org\/{rel}","templated":true}]}}