{"id":100,"date":"2023-11-16T16:19:47","date_gmt":"2023-11-16T15:19:47","guid":{"rendered":"http:\/\/motoneige-corbier.com\/?page_id=100"},"modified":"2025-12-09T09:25:17","modified_gmt":"2025-12-09T08:25:17","slug":"idee-cadeau","status":"publish","type":"page","link":"http:\/\/motoneige-corbier.com\/idee-cadeau\/","title":{"rendered":"Id\u00e9e cadeau"},"content":{"rendered":"\t\t<div data-elementor-type=\"wp-page\" data-elementor-id=\"100\" class=\"elementor elementor-100\" data-elementor-post-type=\"page\">\n\t\t\t\t<div class=\"elementor-element elementor-element-269315f e-flex e-con-boxed e-con e-parent\" data-id=\"269315f\" data-element_type=\"container\">\n\t\t\t\t\t<div class=\"e-con-inner\">\n\t\t\t\t<div class=\"elementor-element elementor-element-23faa37 elementor-widget elementor-widget-heading\" data-id=\"23faa37\" data-element_type=\"widget\" data-widget_type=\"heading.default\">\n\t\t\t\t\t<h1 class=\"elementor-heading-title elementor-size-default\">Id\u00e9e cadeau<\/h1>\t\t\t\t<\/div>\n\t\t\t\t<div class=\"elementor-element elementor-element-187a383 elementor-widget-divider--view-line elementor-widget elementor-widget-divider\" data-id=\"187a383\" data-element_type=\"widget\" data-widget_type=\"divider.default\">\n\t\t\t\t\t\t\t<div class=\"elementor-divider\">\n\t\t\t<span class=\"elementor-divider-separator\">\n\t\t\t\t\t\t<\/span>\n\t\t<\/div>\n\t\t\t\t\t\t<\/div>\n\t\t\t\t<div class=\"elementor-element elementor-element-cdd99be elementor-widget elementor-widget-text-editor\" data-id=\"cdd99be\" data-element_type=\"widget\" data-widget_type=\"text-editor.default\">\n\t\t\t\t\t\t\t\t\t<p>Offrez du r\u00eave \u00e0 l\u2019heureux \u00e9lu\u00a0!<\/p>\n<p><!-- \/wp:paragraph --><!-- wp:paragraph --><\/p>\n<p>\u00a0\u00a0\u00a0\u00a0\u00a0\u00a0\u00a0\u00a0\u00a0\u00a0\u00a0\u00a0 \u00a0\u00a0La motoneige, c\u2019est la garantie d\u2019une exp\u00e9rience originale, inoubliable et sensationnelle que se soit pour No\u00ebl, Nouvel an, Saint Valentin, Anniversaire ou tout simplement\u00a0 pour le plaisir d\u2019offrir\u2026<\/p>\n<p><!-- \/wp:paragraph --><!-- wp:paragraph --><\/p>\n<p>\u00a0\u00a0\u00a0\u00a0\u00a0\u00a0\u00a0 \u00a0\u00a0\u00a0\u00a0\u00a0 Pour cela, t\u00e9l\u00e9chargez et imprimez la fiche <a href=\"http:\/\/motoneige-corbier.com\/wp-content\/uploads\/2024\/10\/Bon-Cadeau-Motoneige.pdf\" target=\"_blank\" rel=\"noreferrer noopener\">bon cadeau<\/a>.<\/p>\n<p><!-- \/wp:paragraph --><!-- wp:paragraph --><\/p>\n<p>\u00a0Renseignez la et l&rsquo;exp\u00e9dier la accompagn\u00e9e du r\u00e8glement et du enveloppe timbr\u00e9e.<\/p>\n<p><!-- \/wp:paragraph --><!-- wp:paragraph --><\/p>\n<p>Des reception benjamin vous enverra votre bon cadeau chez vous afin que vous puissiez l\u2019offrir en main propre au petit chanceux.<\/p>\n<p><!-- \/wp:paragraph --><!-- wp:paragraph --><\/p>\n<p>Il suffira au destinataire du bon de contacter benjamin pour finaliser le jour et l\u2019heure de la prestation au moins 1 semaine avant la date souhait\u00e9e.<\/p>\t\t\t\t\t\t\t\t<\/div>\n\t\t<div class=\"elementor-element elementor-element-c393662 e-con-full e-flex e-con e-child\" data-id=\"c393662\" data-element_type=\"container\">\n\t\t\t\t<div class=\"elementor-element elementor-element-93b5338 elementor-widget elementor-widget-button\" data-id=\"93b5338\" data-element_type=\"widget\" data-widget_type=\"button.default\">\n\t\t\t\t\t\t\t\t\t\t<a class=\"elementor-button elementor-button-link elementor-size-sm elementor-animation-grow\" href=\"http:\/\/motoneige-corbier.com\/wp-content\/uploads\/2024\/10\/Bon-Cadeau-Motoneige.pdf\" target=\"_blank\">\n\t\t\t\t\t\t<span class=\"elementor-button-content-wrapper\">\n\t\t\t\t\t\t\t\t\t<span class=\"elementor-button-text\">Bon cadeau<\/span>\n\t\t\t\t\t<\/span>\n\t\t\t\t\t<\/a>\n\t\t\t\t\t\t\t\t<\/div>\n\t\t\t\t<\/div>\n\t\t\t\t\t<\/div>\n\t\t\t\t<\/div>\n\t\t\t\t<\/div>\n\t\t","protected":false},"excerpt":{"rendered":"<p>Id\u00e9e cadeau Offrez du r\u00eave \u00e0 l\u2019heureux \u00e9lu\u00a0! \u00a0\u00a0\u00a0\u00a0\u00a0\u00a0\u00a0\u00a0\u00a0\u00a0\u00a0\u00a0 \u00a0\u00a0La motoneige, c\u2019est la garantie d\u2019une exp\u00e9rience originale, inoubliable et sensationnelle que se soit pour No\u00ebl, Nouvel an, Saint Valentin, Anniversaire ou tout simplement\u00a0 pour le plaisir d\u2019offrir\u2026 \u00a0\u00a0\u00a0\u00a0\u00a0\u00a0\u00a0 \u00a0\u00a0\u00a0\u00a0\u00a0 Pour cela, t\u00e9l\u00e9chargez et imprimez la fiche bon cadeau. \u00a0Renseignez la et l&rsquo;exp\u00e9dier la accompagn\u00e9e du [&hellip;]<\/p>\n","protected":false},"author":1,"featured_media":0,"parent":0,"menu_order":0,"comment_status":"closed","ping_status":"closed","template":"","meta":{"ocean_post_layout":"","ocean_both_sidebars_style":"","ocean_both_sidebars_content_width":0,"ocean_both_sidebars_sidebars_width":0,"ocean_sidebar":"","ocean_second_sidebar":"","ocean_disable_margins":"enable","ocean_add_body_class":"","ocean_shortcode_before_top_bar":"","ocean_shortcode_after_top_bar":"","ocean_shortcode_before_header":"","ocean_shortcode_after_header":"","ocean_has_shortcode":"","ocean_shortcode_after_title":"","ocean_shortcode_before_footer_widgets":"","ocean_shortcode_after_footer_widgets":"","ocean_shortcode_before_footer_bottom":"","ocean_shortcode_after_footer_bottom":"","ocean_display_top_bar":"default","ocean_display_header":"default","ocean_header_style":"","ocean_center_header_left_menu":"","ocean_custom_header_template":"","ocean_custom_logo":0,"ocean_custom_retina_logo":0,"ocean_custom_logo_max_width":0,"ocean_custom_logo_tablet_max_width":0,"ocean_custom_logo_mobile_max_width":0,"ocean_custom_logo_max_height":0,"ocean_custom_logo_tablet_max_height":0,"ocean_custom_logo_mobile_max_height":0,"ocean_header_custom_menu":"","ocean_menu_typo_font_family":"","ocean_menu_typo_font_subset":"","ocean_menu_typo_font_size":0,"ocean_menu_typo_font_size_tablet":0,"ocean_menu_typo_font_size_mobile":0,"ocean_menu_typo_font_size_unit":"px","ocean_menu_typo_font_weight":"","ocean_menu_typo_font_weight_tablet":"","ocean_menu_typo_font_weight_mobile":"","ocean_menu_typo_transform":"","ocean_menu_typo_transform_tablet":"","ocean_menu_typo_transform_mobile":"","ocean_menu_typo_line_height":0,"ocean_menu_typo_line_height_tablet":0,"ocean_menu_typo_line_height_mobile":0,"ocean_menu_typo_line_height_unit":"","ocean_menu_typo_spacing":0,"ocean_menu_typo_spacing_tablet":0,"ocean_menu_typo_spacing_mobile":0,"ocean_menu_typo_spacing_unit":"","ocean_menu_link_color":"","ocean_menu_link_color_hover":"","ocean_menu_link_color_active":"","ocean_menu_link_background":"","ocean_menu_link_hover_background":"","ocean_menu_link_active_background":"","ocean_menu_social_links_bg":"","ocean_menu_social_hover_links_bg":"","ocean_menu_social_links_color":"","ocean_menu_social_hover_links_color":"","ocean_disable_title":"default","ocean_disable_heading":"default","ocean_post_title":"","ocean_post_subheading":"","ocean_post_title_style":"","ocean_post_title_background_color":"","ocean_post_title_background":0,"ocean_post_title_bg_image_position":"","ocean_post_title_bg_image_attachment":"","ocean_post_title_bg_image_repeat":"","ocean_post_title_bg_image_size":"","ocean_post_title_height":0,"ocean_post_title_bg_overlay":0.5,"ocean_post_title_bg_overlay_color":"","ocean_disable_breadcrumbs":"default","ocean_breadcrumbs_color":"","ocean_breadcrumbs_separator_color":"","ocean_breadcrumbs_links_color":"","ocean_breadcrumbs_links_hover_color":"","ocean_display_footer_widgets":"default","ocean_display_footer_bottom":"default","ocean_custom_footer_template":"","footnotes":""},"class_list":["post-100","page","type-page","status-publish","hentry","entry"],"yoast_head":"<!-- This site is optimized with the Yoast SEO plugin v27.4 - https:\/\/yoast.com\/product\/yoast-seo-wordpress\/ -->\n<title>Id\u00e9e cadeau - Motoneige Le Corbier<\/title>\n<meta name=\"robots\" content=\"index, follow, max-snippet:-1, max-image-preview:large, max-video-preview:-1\" \/>\n<link rel=\"canonical\" href=\"https:\/\/motoneige-corbier.com\/idee-cadeau\/\" \/>\n<meta property=\"og:locale\" content=\"fr_FR\" \/>\n<meta property=\"og:type\" content=\"article\" \/>\n<meta property=\"og:title\" content=\"Id\u00e9e cadeau - Motoneige Le Corbier\" \/>\n<meta property=\"og:description\" content=\"Id\u00e9e cadeau Offrez du r\u00eave \u00e0 l\u2019heureux \u00e9lu\u00a0! \u00a0\u00a0\u00a0\u00a0\u00a0\u00a0\u00a0\u00a0\u00a0\u00a0\u00a0\u00a0 \u00a0\u00a0La motoneige, c\u2019est la garantie d\u2019une exp\u00e9rience originale, inoubliable et sensationnelle que se soit pour No\u00ebl, Nouvel an, Saint Valentin, Anniversaire ou tout simplement\u00a0 pour le plaisir d\u2019offrir\u2026 \u00a0\u00a0\u00a0\u00a0\u00a0\u00a0\u00a0 \u00a0\u00a0\u00a0\u00a0\u00a0 Pour cela, t\u00e9l\u00e9chargez et imprimez la fiche bon cadeau. \u00a0Renseignez la et l&rsquo;exp\u00e9dier la accompagn\u00e9e du [&hellip;]\" \/>\n<meta property=\"og:url\" content=\"https:\/\/motoneige-corbier.com\/idee-cadeau\/\" \/>\n<meta property=\"og:site_name\" content=\"Motoneige Le Corbier\" \/>\n<meta property=\"article:modified_time\" content=\"2025-12-09T08:25:17+00:00\" \/>\n<meta name=\"twitter:card\" content=\"summary_large_image\" \/>\n<script type=\"application\/ld+json\" class=\"yoast-schema-graph\">{\"@context\":\"https:\\\/\\\/schema.org\",\"@graph\":[{\"@type\":\"WebPage\",\"@id\":\"https:\\\/\\\/motoneige-corbier.com\\\/idee-cadeau\\\/\",\"url\":\"https:\\\/\\\/motoneige-corbier.com\\\/idee-cadeau\\\/\",\"name\":\"Id\u00e9e cadeau - Motoneige Le Corbier\",\"isPartOf\":{\"@id\":\"http:\\\/\\\/motoneige-corbier.com\\\/#website\"},\"datePublished\":\"2023-11-16T15:19:47+00:00\",\"dateModified\":\"2025-12-09T08:25:17+00:00\",\"breadcrumb\":{\"@id\":\"https:\\\/\\\/motoneige-corbier.com\\\/idee-cadeau\\\/#breadcrumb\"},\"inLanguage\":\"fr-FR\",\"potentialAction\":[{\"@type\":\"ReadAction\",\"target\":[\"https:\\\/\\\/motoneige-corbier.com\\\/idee-cadeau\\\/\"]}]},{\"@type\":\"BreadcrumbList\",\"@id\":\"https:\\\/\\\/motoneige-corbier.com\\\/idee-cadeau\\\/#breadcrumb\",\"itemListElement\":[{\"@type\":\"ListItem\",\"position\":1,\"name\":\"Accueil\",\"item\":\"http:\\\/\\\/motoneige-corbier.com\\\/\"},{\"@type\":\"ListItem\",\"position\":2,\"name\":\"Id\u00e9e cadeau\"}]},{\"@type\":\"WebSite\",\"@id\":\"http:\\\/\\\/motoneige-corbier.com\\\/#website\",\"url\":\"http:\\\/\\\/motoneige-corbier.com\\\/\",\"name\":\"Motoneige Le Corbier\",\"description\":\"\",\"publisher\":{\"@id\":\"http:\\\/\\\/motoneige-corbier.com\\\/#organization\"},\"potentialAction\":[{\"@type\":\"SearchAction\",\"target\":{\"@type\":\"EntryPoint\",\"urlTemplate\":\"http:\\\/\\\/motoneige-corbier.com\\\/?s={search_term_string}\"},\"query-input\":{\"@type\":\"PropertyValueSpecification\",\"valueRequired\":true,\"valueName\":\"search_term_string\"}}],\"inLanguage\":\"fr-FR\"},{\"@type\":\"Organization\",\"@id\":\"http:\\\/\\\/motoneige-corbier.com\\\/#organization\",\"name\":\"Motoneige Le Corbier\",\"url\":\"http:\\\/\\\/motoneige-corbier.com\\\/\",\"logo\":{\"@type\":\"ImageObject\",\"inLanguage\":\"fr-FR\",\"@id\":\"http:\\\/\\\/motoneige-corbier.com\\\/#\\\/schema\\\/logo\\\/image\\\/\",\"url\":\"http:\\\/\\\/motoneige-corbier.com\\\/wp-content\\\/uploads\\\/2023\\\/11\\\/logo-new-300x212-removebg-preview-1.png\",\"contentUrl\":\"http:\\\/\\\/motoneige-corbier.com\\\/wp-content\\\/uploads\\\/2023\\\/11\\\/logo-new-300x212-removebg-preview-1.png\",\"width\":300,\"height\":212,\"caption\":\"Motoneige Le Corbier\"},\"image\":{\"@id\":\"http:\\\/\\\/motoneige-corbier.com\\\/#\\\/schema\\\/logo\\\/image\\\/\"}}]}<\/script>\n<!-- \/ Yoast SEO plugin. -->","yoast_head_json":{"title":"Id\u00e9e cadeau - Motoneige Le Corbier","robots":{"index":"index","follow":"follow","max-snippet":"max-snippet:-1","max-image-preview":"max-image-preview:large","max-video-preview":"max-video-preview:-1"},"canonical":"https:\/\/motoneige-corbier.com\/idee-cadeau\/","og_locale":"fr_FR","og_type":"article","og_title":"Id\u00e9e cadeau - Motoneige Le Corbier","og_description":"Id\u00e9e cadeau Offrez du r\u00eave \u00e0 l\u2019heureux \u00e9lu\u00a0! \u00a0\u00a0\u00a0\u00a0\u00a0\u00a0\u00a0\u00a0\u00a0\u00a0\u00a0\u00a0 \u00a0\u00a0La motoneige, c\u2019est la garantie d\u2019une exp\u00e9rience originale, inoubliable et sensationnelle que se soit pour No\u00ebl, Nouvel an, Saint Valentin, Anniversaire ou tout simplement\u00a0 pour le plaisir d\u2019offrir\u2026 \u00a0\u00a0\u00a0\u00a0\u00a0\u00a0\u00a0 \u00a0\u00a0\u00a0\u00a0\u00a0 Pour cela, t\u00e9l\u00e9chargez et imprimez la fiche bon cadeau. \u00a0Renseignez la et l&rsquo;exp\u00e9dier la accompagn\u00e9e du [&hellip;]","og_url":"https:\/\/motoneige-corbier.com\/idee-cadeau\/","og_site_name":"Motoneige Le Corbier","article_modified_time":"2025-12-09T08:25:17+00:00","twitter_card":"summary_large_image","schema":{"@context":"https:\/\/schema.org","@graph":[{"@type":"WebPage","@id":"https:\/\/motoneige-corbier.com\/idee-cadeau\/","url":"https:\/\/motoneige-corbier.com\/idee-cadeau\/","name":"Id\u00e9e cadeau - Motoneige Le Corbier","isPartOf":{"@id":"http:\/\/motoneige-corbier.com\/#website"},"datePublished":"2023-11-16T15:19:47+00:00","dateModified":"2025-12-09T08:25:17+00:00","breadcrumb":{"@id":"https:\/\/motoneige-corbier.com\/idee-cadeau\/#breadcrumb"},"inLanguage":"fr-FR","potentialAction":[{"@type":"ReadAction","target":["https:\/\/motoneige-corbier.com\/idee-cadeau\/"]}]},{"@type":"BreadcrumbList","@id":"https:\/\/motoneige-corbier.com\/idee-cadeau\/#breadcrumb","itemListElement":[{"@type":"ListItem","position":1,"name":"Accueil","item":"http:\/\/motoneige-corbier.com\/"},{"@type":"ListItem","position":2,"name":"Id\u00e9e cadeau"}]},{"@type":"WebSite","@id":"http:\/\/motoneige-corbier.com\/#website","url":"http:\/\/motoneige-corbier.com\/","name":"Motoneige Le Corbier","description":"","publisher":{"@id":"http:\/\/motoneige-corbier.com\/#organization"},"potentialAction":[{"@type":"SearchAction","target":{"@type":"EntryPoint","urlTemplate":"http:\/\/motoneige-corbier.com\/?s={search_term_string}"},"query-input":{"@type":"PropertyValueSpecification","valueRequired":true,"valueName":"search_term_string"}}],"inLanguage":"fr-FR"},{"@type":"Organization","@id":"http:\/\/motoneige-corbier.com\/#organization","name":"Motoneige Le Corbier","url":"http:\/\/motoneige-corbier.com\/","logo":{"@type":"ImageObject","inLanguage":"fr-FR","@id":"http:\/\/motoneige-corbier.com\/#\/schema\/logo\/image\/","url":"http:\/\/motoneige-corbier.com\/wp-content\/uploads\/2023\/11\/logo-new-300x212-removebg-preview-1.png","contentUrl":"http:\/\/motoneige-corbier.com\/wp-content\/uploads\/2023\/11\/logo-new-300x212-removebg-preview-1.png","width":300,"height":212,"caption":"Motoneige Le Corbier"},"image":{"@id":"http:\/\/motoneige-corbier.com\/#\/schema\/logo\/image\/"}}]}},"_links":{"self":[{"href":"http:\/\/motoneige-corbier.com\/wp-json\/wp\/v2\/pages\/100","targetHints":{"allow":["GET"]}}],"collection":[{"href":"http:\/\/motoneige-corbier.com\/wp-json\/wp\/v2\/pages"}],"about":[{"href":"http:\/\/motoneige-corbier.com\/wp-json\/wp\/v2\/types\/page"}],"author":[{"embeddable":true,"href":"http:\/\/motoneige-corbier.com\/wp-json\/wp\/v2\/users\/1"}],"replies":[{"embeddable":true,"href":"http:\/\/motoneige-corbier.com\/wp-json\/wp\/v2\/comments?post=100"}],"version-history":[{"count":8,"href":"http:\/\/motoneige-corbier.com\/wp-json\/wp\/v2\/pages\/100\/revisions"}],"predecessor-version":[{"id":239,"href":"http:\/\/motoneige-corbier.com\/wp-json\/wp\/v2\/pages\/100\/revisions\/239"}],"wp:attachment":[{"href":"http:\/\/motoneige-corbier.com\/wp-json\/wp\/v2\/media?parent=100"}],"curies":[{"name":"wp","href":"https:\/\/api.w.org\/{rel}","templated":true}]}}